{"id":88,"date":"2024-04-22T15:42:18","date_gmt":"2024-04-22T15:42:18","guid":{"rendered":"https:\/\/blanchedalmond-spoonbill-317177.hostingersite.com\/caguasmechanical\/?page_id=88"},"modified":"2024-07-19T19:23:58","modified_gmt":"2024-07-19T19:23:58","slug":"contacto","status":"publish","type":"page","link":"https:\/\/caguasmechanicalpr.com\/en\/contacto\/","title":{"rendered":"Contact"},"content":{"rendered":"<div data-elementor-type=\"wp-page\" data-elementor-id=\"88\" class=\"elementor elementor-88\" data-elementor-settings=\"{&quot;ha_cmc_init_switcher&quot;:&quot;no&quot;}\">\n\t\t\t\t<div class=\"elementor-element elementor-element-f2c8b4a e-flex e-con-boxed e-con e-parent\" data-id=\"f2c8b4a\" data-element_type=\"container\" data-settings=\"{&quot;background_background&quot;:&quot;classic&quot;,&quot;jet_parallax_layout_list&quot;:[],&quot;_ha_eqh_enable&quot;:false}\">\n\t\t\t\t\t<div class=\"e-con-inner\">\n\t\t\t\t<div class=\"elementor-element elementor-element-3de45bb elementor-widget elementor-widget-heading\" data-id=\"3de45bb\" data-element_type=\"widget\" data-widget_type=\"heading.default\">\n\t\t\t\t<div class=\"elementor-widget-container\">\n\t\t\t\t\t<h2 class=\"elementor-heading-title elementor-size-default\">Contact<\/h2>\t\t\t\t<\/div>\n\t\t\t\t<\/div>\n\t\t\t\t\t<\/div>\n\t\t\t\t<\/div>\n\t\t<div class=\"elementor-element elementor-element-4e259f0 e-flex e-con-boxed e-con e-parent\" data-id=\"4e259f0\" data-element_type=\"container\" data-settings=\"{&quot;jet_parallax_layout_list&quot;:[],&quot;_ha_eqh_enable&quot;:false}\">\n\t\t\t\t\t<div class=\"e-con-inner\">\n\t\t<div class=\"elementor-element elementor-element-3d82840 e-con-full e-flex e-con e-child\" data-id=\"3d82840\" data-element_type=\"container\" data-settings=\"{&quot;jet_parallax_layout_list&quot;:[],&quot;_ha_eqh_enable&quot;:false}\">\n\t\t\t\t<div class=\"elementor-element elementor-element-62a83fc elementor-widget elementor-widget-image\" data-id=\"62a83fc\" data-element_type=\"widget\" data-widget_type=\"image.default\">\n\t\t\t\t<div class=\"elementor-widget-container\">\n\t\t\t\t\t\t\t\t\t\t\t\t\t\t\t<img fetchpriority=\"high\" decoding=\"async\" width=\"354\" height=\"330\" src=\"https:\/\/caguasmechanicalpr.com\/wp-content\/uploads\/2024\/04\/square-about.webp\" class=\"attachment-full size-full wp-image-178\" alt=\"square-about\" srcset=\"https:\/\/caguasmechanicalpr.com\/wp-content\/uploads\/2024\/04\/square-about.webp 354w, https:\/\/caguasmechanicalpr.com\/wp-content\/uploads\/2024\/04\/square-about-300x280.webp 300w\" sizes=\"(max-width: 354px) 100vw, 354px\" \/>\t\t\t\t\t\t\t\t\t\t\t\t\t\t\t<\/div>\n\t\t\t\t<\/div>\n\t\t\t\t<div class=\"elementor-element elementor-element-26d2927 elementor-widget elementor-widget-heading\" data-id=\"26d2927\" data-element_type=\"widget\" data-widget_type=\"heading.default\">\n\t\t\t\t<div class=\"elementor-widget-container\">\n\t\t\t\t\t<h3 class=\"elementor-heading-title elementor-size-default\">Contact Us<\/h3>\t\t\t\t<\/div>\n\t\t\t\t<\/div>\n\t\t\t\t<div class=\"elementor-element elementor-element-4b43b76 elementor-widget-divider--view-line elementor-widget elementor-widget-divider\" data-id=\"4b43b76\" data-element_type=\"widget\" data-widget_type=\"divider.default\">\n\t\t\t\t<div class=\"elementor-widget-container\">\n\t\t\t\t\t\t\t<div class=\"elementor-divider\">\n\t\t\t<span class=\"elementor-divider-separator\">\n\t\t\t\t\t\t<\/span>\n\t\t<\/div>\n\t\t\t\t\t\t<\/div>\n\t\t\t\t<\/div>\n\t\t\t\t<div class=\"elementor-element elementor-element-ffc4758 ha-form-btn--left elementor-widget elementor-widget-ha-wpform happy-addon ha-wpform\" data-id=\"ffc4758\" data-element_type=\"widget\" data-widget_type=\"ha-wpform.default\">\n\t\t\t\t<div class=\"elementor-widget-container\">\n\t\t\t\t\t<style id=\"wpforms-css-vars-12\">\n\t\t\t\t#wpforms-12 {\n\t\t\t\t\n\t\t\t}\n\t\t\t<\/style><div class=\"wpforms-container wpforms-container-full wpforms-render-modern\" id=\"wpforms-12\"><form id=\"wpforms-form-12\" class=\"wpforms-validate wpforms-form wpforms-ajax-form\" data-formid=\"12\" method=\"post\" enctype=\"multipart\/form-data\" action=\"\/en\/wp-json\/wp\/v2\/pages\/88\" data-token=\"95dad1a7866fe3ead45b573b7c17769b\" data-token-time=\"1775932579\" data-trp-original-action=\"\/en\/wp-json\/wp\/v2\/pages\/88\"><noscript class=\"wpforms-error-noscript\">Please enable JavaScript in your browser to complete this form.<\/noscript><div id=\"wpforms-error-noscript\" style=\"display: none;\">Please enable JavaScript in your browser to complete this form.<\/div><div class=\"wpforms-field-container\"><div id=\"wpforms-12-field_6-container\" class=\"wpforms-field wpforms-field-layout\" data-field-id=\"6\"><div class=\"wpforms-field-layout-columns wpforms-field-layout-preset-50-50\"><div class=\"wpforms-layout-column wpforms-layout-column-50\" ><div id=\"wpforms-12-field_1-container\" class=\"wpforms-field wpforms-field-name\" data-field-id=\"1\"><label class=\"wpforms-field-label wpforms-label-hide\" for=\"wpforms-12-field_1\" aria-hidden=\"false\">Name <span class=\"wpforms-required-label\" aria-hidden=\"true\">*<\/span><\/label><input type=\"text\" id=\"wpforms-12-field_1\" class=\"wpforms-field-large wpforms-field-required\" name=\"wpforms[fields][1]\" placeholder=\"Name\" aria-errormessage=\"wpforms-12-field_1-error\" required><\/div><div id=\"wpforms-12-field_2-container\" class=\"wpforms-field wpforms-field-email\" data-field-id=\"2\"><label class=\"wpforms-field-label wpforms-label-hide\" for=\"wpforms-12-field_2\" aria-hidden=\"false\">Email <span class=\"wpforms-required-label\" aria-hidden=\"true\">*<\/span><\/label><input type=\"email\" id=\"wpforms-12-field_2\" class=\"wpforms-field-large wpforms-field-required\" name=\"wpforms[fields][2]\" placeholder=\"Email\" spellcheck=\"false\" aria-errormessage=\"wpforms-12-field_2-error\" required><\/div><div id=\"wpforms-12-field_3-container\" class=\"wpforms-field wpforms-field-phone\" data-field-id=\"3\"><label class=\"wpforms-field-label wpforms-label-hide\" for=\"wpforms-12-field_3\" aria-hidden=\"false\">Telephone <span class=\"wpforms-required-label\" aria-hidden=\"true\">*<\/span><\/label><input type=\"tel\" id=\"wpforms-12-field_3\" class=\"wpforms-field-large wpforms-field-required wpforms-smart-phone-field\" data-rule-smart-phone-field=\"true\" name=\"wpforms[fields][3]\" placeholder=\"Telephone\" aria-label=\"Telephone\" aria-errormessage=\"wpforms-12-field_3-error\" required><\/div><\/div><div class=\"wpforms-layout-column wpforms-layout-column-50\" ><div id=\"wpforms-12-field_4-container\" class=\"wpforms-field wpforms-field-textarea\" data-field-id=\"4\"><label class=\"wpforms-field-label wpforms-label-hide\" for=\"wpforms-12-field_4\" aria-hidden=\"false\">Message <span class=\"wpforms-required-label\" aria-hidden=\"true\">*<\/span><\/label><textarea id=\"wpforms-12-field_4\" class=\"wpforms-field-medium wpforms-field-required\" name=\"wpforms[fields][4]\" placeholder=\"Message\" aria-errormessage=\"wpforms-12-field_4-error\" required><\/textarea><\/div><\/div><\/div><\/div><\/div><!-- .wpforms-field-container --><div class=\"wpforms-recaptcha-container wpforms-is-recaptcha wpforms-is-recaptcha-type-v3\" ><input type=\"hidden\" name=\"wpforms[recaptcha]\" value=\"\"><\/div><div class=\"wpforms-submit-container\" ><input type=\"hidden\" name=\"wpforms[id]\" value=\"12\"><input type=\"hidden\" name=\"page_title\" value=\"\"><input type=\"hidden\" name=\"page_url\" value=\"https:\/\/caguasmechanicalpr.com\/en\/wp-json\/wp\/v2\/pages\/88\"><input type=\"hidden\" name=\"url_referer\" value=\"\"><button type=\"submit\" name=\"wpforms[submit]\" id=\"wpforms-submit-12\" class=\"wpforms-submit\" data-alt-text=\"Enviando...\" data-submit-text=\"Enviar\" aria-live=\"assertive\" value=\"wpforms-submit\">Send<\/button><img decoding=\"async\" src=\"https:\/\/caguasmechanicalpr.com\/wp-content\/plugins\/wpforms\/assets\/images\/submit-spin.svg\" class=\"wpforms-submit-spinner\" style=\"display: none;\" width=\"26\" height=\"26\" alt=\"Loading\"><\/div><input type=\"hidden\" name=\"trp-form-language\" value=\"en\"\/><\/form><\/div>  <!-- .wpforms-container -->\t\t\t\t<\/div>\n\t\t\t\t<\/div>\n\t\t\t\t<\/div>\n\t\t<div class=\"elementor-element elementor-element-14cac6c e-con-full e-flex e-con e-child\" data-id=\"14cac6c\" data-element_type=\"container\" data-settings=\"{&quot;jet_parallax_layout_list&quot;:[],&quot;_ha_eqh_enable&quot;:false}\">\n\t\t<div class=\"elementor-element elementor-element-b86c3d0 e-flex e-con-boxed e-con e-child\" data-id=\"b86c3d0\" data-element_type=\"container\" data-settings=\"{&quot;background_background&quot;:&quot;classic&quot;,&quot;jet_parallax_layout_list&quot;:[],&quot;_ha_eqh_enable&quot;:false}\">\n\t\t\t\t\t<div class=\"e-con-inner\">\n\t\t\t\t<div class=\"elementor-element elementor-element-c4462ed elementor-widget elementor-widget-heading\" data-id=\"c4462ed\" data-element_type=\"widget\" data-widget_type=\"heading.default\">\n\t\t\t\t<div class=\"elementor-widget-container\">\n\t\t\t\t\t<h3 class=\"elementor-heading-title elementor-size-default\">Contact Information<\/h3>\t\t\t\t<\/div>\n\t\t\t\t<\/div>\n\t\t\t\t<div class=\"elementor-element elementor-element-4c1a96d elementor-icon-list--layout-traditional elementor-list-item-link-full_width elementor-widget elementor-widget-icon-list\" data-id=\"4c1a96d\" data-element_type=\"widget\" data-widget_type=\"icon-list.default\">\n\t\t\t\t<div class=\"elementor-widget-container\">\n\t\t\t\t\t\t\t<ul class=\"elementor-icon-list-items\">\n\t\t\t\t\t\t\t<li class=\"elementor-icon-list-item\">\n\t\t\t\t\t\t\t\t\t\t\t<span class=\"elementor-icon-list-icon\">\n\t\t\t\t\t\t\t<svg aria-hidden=\"true\" class=\"e-font-icon-svg e-fas-map-marker-alt\" viewbox=\"0 0 384 512\" xmlns=\"http:\/\/www.w3.org\/2000\/svg\"><path d=\"M172.268 501.67C26.97 291.031 0 269.413 0 192 0 85.961 85.961 0 192 0s192 85.961 192 192c0 77.413-26.97 99.031-172.268 309.67-9.535 13.774-29.93 13.773-39.464 0zM192 272c44.183 0 80-35.817 80-80s-35.817-80-80-80-80 35.817-80 80 35.817 80 80 80z\"><\/path><\/svg>\t\t\t\t\t\t<\/span>\n\t\t\t\t\t\t\t\t\t\t<span class=\"elementor-icon-list-text\">Nebraska U-4, Caguas Norte Caguas, PR 00725<\/span>\n\t\t\t\t\t\t\t\t\t<\/li>\n\t\t\t\t\t\t\t\t<li class=\"elementor-icon-list-item\">\n\t\t\t\t\t\t\t\t\t\t\t<a href=\"tel:787-743-0723\">\n\n\t\t\t\t\t\t\t\t\t\t\t\t<span class=\"elementor-icon-list-icon\">\n\t\t\t\t\t\t\t<svg aria-hidden=\"true\" class=\"e-font-icon-svg e-fas-mobile-alt\" viewbox=\"0 0 320 512\" xmlns=\"http:\/\/www.w3.org\/2000\/svg\"><path d=\"M272 0H48C21.5 0 0 21.5 0 48v416c0 26.5 21.5 48 48 48h224c26.5 0 48-21.5 48-48V48c0-26.5-21.5-48-48-48zM160 480c-17.7 0-32-14.3-32-32s14.3-32 32-32 32 14.3 32 32-14.3 32-32 32zm112-108c0 6.6-5.4 12-12 12H60c-6.6 0-12-5.4-12-12V60c0-6.6 5.4-12 12-12h200c6.6 0 12 5.4 12 12v312z\"><\/path><\/svg>\t\t\t\t\t\t<\/span>\n\t\t\t\t\t\t\t\t\t\t<span class=\"elementor-icon-list-text\">787-743-0723<\/span>\n\t\t\t\t\t\t\t\t\t\t\t<\/a>\n\t\t\t\t\t\t\t\t\t<\/li>\n\t\t\t\t\t\t\t\t<li class=\"elementor-icon-list-item\">\n\t\t\t\t\t\t\t\t\t\t\t<a href=\"mailto:info@caguasmechanical.com\">\n\n\t\t\t\t\t\t\t\t\t\t\t\t<span class=\"elementor-icon-list-icon\">\n\t\t\t\t\t\t\t<svg aria-hidden=\"true\" class=\"e-font-icon-svg e-fas-envelope\" viewbox=\"0 0 512 512\" xmlns=\"http:\/\/www.w3.org\/2000\/svg\"><path d=\"M502.3 190.8c3.9-3.1 9.7-.2 9.7 4.7V400c0 26.5-21.5 48-48 48H48c-26.5 0-48-21.5-48-48V195.6c0-5 5.7-7.8 9.7-4.7 22.4 17.4 52.1 39.5 154.1 113.6 21.1 15.4 56.7 47.8 92.2 47.6 35.7.3 72-32.8 92.3-47.6 102-74.1 131.6-96.3 154-113.7zM256 320c23.2.4 56.6-29.2 73.4-41.4 132.7-96.3 142.8-104.7 173.4-128.7 5.8-4.5 9.2-11.5 9.2-18.9v-19c0-26.5-21.5-48-48-48H48C21.5 64 0 85.5 0 112v19c0 7.4 3.4 14.3 9.2 18.9 30.6 23.9 40.7 32.4 173.4 128.7 16.8 12.2 50.2 41.8 73.4 41.4z\"><\/path><\/svg>\t\t\t\t\t\t<\/span>\n\t\t\t\t\t\t\t\t\t\t<span class=\"elementor-icon-list-text\">info@caguasmechanical.com<\/span>\n\t\t\t\t\t\t\t\t\t\t\t<\/a>\n\t\t\t\t\t\t\t\t\t<\/li>\n\t\t\t\t\t\t\t\t<li class=\"elementor-icon-list-item\">\n\t\t\t\t\t\t\t\t\t\t\t<span class=\"elementor-icon-list-icon\">\n\t\t\t\t\t\t\t<svg aria-hidden=\"true\" class=\"e-font-icon-svg e-fas-clock\" viewbox=\"0 0 512 512\" xmlns=\"http:\/\/www.w3.org\/2000\/svg\"><path d=\"M256,8C119,8,8,119,8,256S119,504,256,504,504,393,504,256,393,8,256,8Zm92.49,313h0l-20,25a16,16,0,0,1-22.49,2.5h0l-67-49.72a40,40,0,0,1-15-31.23V112a16,16,0,0,1,16-16h32a16,16,0,0,1,16,16V256l58,42.5A16,16,0,0,1,348.49,321Z\"><\/path><\/svg>\t\t\t\t\t\t<\/span>\n\t\t\t\t\t\t\t\t\t\t<span class=\"elementor-icon-list-text\">Mon - Fri: 8am a 5pm<\/span>\n\t\t\t\t\t\t\t\t\t<\/li>\n\t\t\t\t\t\t<\/ul>\n\t\t\t\t\t\t<\/div>\n\t\t\t\t<\/div>\n\t\t\t\t\t<\/div>\n\t\t\t\t<\/div>\n\t\t\t\t<div class=\"elementor-element elementor-element-f7b048d elementor-widget elementor-widget-html\" data-id=\"f7b048d\" data-element_type=\"widget\" data-widget_type=\"html.default\">\n\t\t\t\t<div class=\"elementor-widget-container\">\n\t\t\t\t\t<style>\n    #wpforms-12-field_5{\n        display: none;\n    }\n    .wpforms-submit{\n        height: auto !important;\n    }\n    \n    @media (max-width: 1024px) {\n    \n    div.wpforms-container .wpforms-form .wpforms-field-layout .wpforms-field-layout-columns {\n        flex-direction: column !important;\n    }\n    \n    div.wpforms-container .wpforms-form .wpforms-field-layout .wpforms-layout-column-50 {\n    width: 100% !important;\n}\n        \n    }\n<\/style>\t\t\t\t<\/div>\n\t\t\t\t<\/div>\n\t\t\t\t<\/div>\n\t\t\t\t\t<\/div>\n\t\t\t\t<\/div>\n\t\t<div class=\"elementor-element elementor-element-649834c e-con-full e-flex e-con e-parent\" data-id=\"649834c\" data-element_type=\"container\" data-settings=\"{&quot;jet_parallax_layout_list&quot;:[],&quot;_ha_eqh_enable&quot;:false}\">\n\t\t\t\t<div class=\"elementor-element elementor-element-8174e81 elementor-widget elementor-widget-google_maps\" data-id=\"8174e81\" data-element_type=\"widget\" data-widget_type=\"google_maps.default\">\n\t\t\t\t<div class=\"elementor-widget-container\">\n\t\t\t\t\t\t\t<div class=\"elementor-custom-embed\">\n\t\t\t<iframe loading=\"lazy\"\n\t\t\t\t\tsrc=\"https:\/\/maps.google.com\/maps?q=Caguas%20Mechanical%20Contractors&#038;t=m&#038;z=16&#038;output=embed&#038;iwloc=near\"\n\t\t\t\t\ttitle=\"Caguas Mechanical Contractors\"\n\t\t\t\t\taria-label=\"Caguas Mechanical Contractors\"\n\t\t\t><\/iframe>\n\t\t<\/div>\n\t\t\t\t\t\t<\/div>\n\t\t\t\t<\/div>\n\t\t\t\t<\/div>\n\t\t\t\t<\/div>","protected":false},"excerpt":{"rendered":"<p>Contacto Cont\u00e1ctanos Please enable JavaScript in your browser to complete this form.Please enable JavaScript in your browser to complete this form.LayoutNombre *Email *Tel\u00e9fono *Mensaje * Enviar Informaci\u00f3n de Contacto Nebraska U-4, Caguas Norte Caguas, PR 00725 787-743-0723 info@caguasmechanical.com Lun &#8211; Vie: 8am a 5pm<\/p>","protected":false},"author":1,"featured_media":0,"parent":0,"menu_order":0,"comment_status":"closed","ping_status":"closed","template":"elementor_header_footer","meta":{"_joinchat":[],"footnotes":""},"class_list":["post-88","page","type-page","status-publish","hentry"],"yoast_head":"<!-- This site is optimized with the Yoast SEO plugin v26.4 - https:\/\/yoast.com\/wordpress\/plugins\/seo\/ -->\n<title>Caguas Mechanical Contractor, Inc. | Civil, Mec\u00e1nica, El\u00e9ctrica, Trabajos de Construcci\u00f3n<\/title>\n<meta name=\"description\" content=\"Caguas Mechanical Contractor, como contratista de construcci\u00f3n integral e inclusivo, creamos soluciones sostenibles para nuestros clientes.\" \/>\n<meta name=\"robots\" content=\"index, follow, max-snippet:-1, max-image-preview:large, max-video-preview:-1\" \/>\n<link rel=\"canonical\" href=\"https:\/\/caguasmechanicalpr.com\/en\/contacto\/\" \/>\n<meta property=\"og:locale\" content=\"en_US\" \/>\n<meta property=\"og:type\" content=\"article\" \/>\n<meta property=\"og:title\" content=\"Caguas Mechanical Contractor, Inc. | Civil, Mec\u00e1nica, El\u00e9ctrica, Trabajos de Construcci\u00f3n\" \/>\n<meta property=\"og:description\" content=\"Caguas Mechanical Contractor, como contratista de construcci\u00f3n integral e inclusivo, creamos soluciones sostenibles para nuestros clientes.\" \/>\n<meta property=\"og:url\" content=\"https:\/\/caguasmechanicalpr.com\/en\/contacto\/\" \/>\n<meta property=\"og:site_name\" content=\"Caguas Mechanical Contractor, Inc.\" \/>\n<meta property=\"article:modified_time\" content=\"2024-07-19T19:23:58+00:00\" \/>\n<meta property=\"og:image\" content=\"https:\/\/blanchedalmond-spoonbill-317177.hostingersite.com\/caguasmechanical\/wp-content\/uploads\/2024\/04\/square-about.webp\" \/>\n<meta name=\"twitter:card\" content=\"summary_large_image\" \/>\n<meta name=\"twitter:label1\" content=\"Est. reading time\" \/>\n\t<meta name=\"twitter:data1\" content=\"1 minute\" \/>\n<script type=\"application\/ld+json\" class=\"yoast-schema-graph\">{\"@context\":\"https:\/\/schema.org\",\"@graph\":[{\"@type\":\"WebPage\",\"@id\":\"https:\/\/caguasmechanicalpr.com\/contacto\/\",\"url\":\"https:\/\/caguasmechanicalpr.com\/contacto\/\",\"name\":\"Caguas Mechanical Contractor, Inc. | Civil, Mec\u00e1nica, El\u00e9ctrica, Trabajos de Construcci\u00f3n\",\"isPartOf\":{\"@id\":\"https:\/\/caguasmechanicalpr.com\/en\/#website\"},\"primaryImageOfPage\":{\"@id\":\"https:\/\/caguasmechanicalpr.com\/contacto\/#primaryimage\"},\"image\":{\"@id\":\"https:\/\/caguasmechanicalpr.com\/contacto\/#primaryimage\"},\"thumbnailUrl\":\"https:\/\/blanchedalmond-spoonbill-317177.hostingersite.com\/caguasmechanical\/wp-content\/uploads\/2024\/04\/square-about.webp\",\"datePublished\":\"2024-04-22T15:42:18+00:00\",\"dateModified\":\"2024-07-19T19:23:58+00:00\",\"description\":\"Caguas Mechanical Contractor, como contratista de construcci\u00f3n integral e inclusivo, creamos soluciones sostenibles para nuestros clientes.\",\"breadcrumb\":{\"@id\":\"https:\/\/caguasmechanicalpr.com\/contacto\/#breadcrumb\"},\"inLanguage\":\"en-US\",\"potentialAction\":[{\"@type\":\"ReadAction\",\"target\":[\"https:\/\/caguasmechanicalpr.com\/contacto\/\"]}]},{\"@type\":\"ImageObject\",\"inLanguage\":\"en-US\",\"@id\":\"https:\/\/caguasmechanicalpr.com\/contacto\/#primaryimage\",\"url\":\"https:\/\/blanchedalmond-spoonbill-317177.hostingersite.com\/caguasmechanical\/wp-content\/uploads\/2024\/04\/square-about.webp\",\"contentUrl\":\"https:\/\/blanchedalmond-spoonbill-317177.hostingersite.com\/caguasmechanical\/wp-content\/uploads\/2024\/04\/square-about.webp\"},{\"@type\":\"BreadcrumbList\",\"@id\":\"https:\/\/caguasmechanicalpr.com\/contacto\/#breadcrumb\",\"itemListElement\":[{\"@type\":\"ListItem\",\"position\":1,\"name\":\"Home\",\"item\":\"https:\/\/caguasmechanicalpr.com\/en\/\"},{\"@type\":\"ListItem\",\"position\":2,\"name\":\"Contacto\"}]},{\"@type\":\"WebSite\",\"@id\":\"https:\/\/caguasmechanicalpr.com\/en\/#website\",\"url\":\"https:\/\/caguasmechanicalpr.com\/en\/\",\"name\":\"Caguas Mechanical Contractor, Inc.\",\"description\":\"Civil, Mec\u00e1nica, El\u00e9ctrica, Trabajos de Construcci\u00f3n\",\"publisher\":{\"@id\":\"https:\/\/caguasmechanicalpr.com\/en\/#organization\"},\"alternateName\":\"Caguas Mechanical Contractor, Inc.\",\"potentialAction\":[{\"@type\":\"SearchAction\",\"target\":{\"@type\":\"EntryPoint\",\"urlTemplate\":\"https:\/\/caguasmechanicalpr.com\/en\/?s={search_term_string}\"},\"query-input\":{\"@type\":\"PropertyValueSpecification\",\"valueRequired\":true,\"valueName\":\"search_term_string\"}}],\"inLanguage\":\"en-US\"},{\"@type\":\"Organization\",\"@id\":\"https:\/\/caguasmechanicalpr.com\/en\/#organization\",\"name\":\"Caguas Mechanical Contractor, Inc.\",\"url\":\"https:\/\/caguasmechanicalpr.com\/en\/\",\"logo\":{\"@type\":\"ImageObject\",\"inLanguage\":\"en-US\",\"@id\":\"https:\/\/caguasmechanicalpr.com\/en\/#\/schema\/logo\/image\/\",\"url\":\"https:\/\/caguasmechanicalpr.com\/wp-content\/uploads\/2024\/03\/caguas-mechanical-contractor-logo.png\",\"contentUrl\":\"https:\/\/caguasmechanicalpr.com\/wp-content\/uploads\/2024\/03\/caguas-mechanical-contractor-logo.png\",\"width\":874,\"height\":244,\"caption\":\"Caguas Mechanical Contractor, Inc.\"},\"image\":{\"@id\":\"https:\/\/caguasmechanicalpr.com\/en\/#\/schema\/logo\/image\/\"}}]}<\/script>\n<!-- \/ Yoast SEO plugin. -->","yoast_head_json":{"title":"Caguas Mechanical Contractor, Inc. | Civil, Mec\u00e1nica, El\u00e9ctrica, Trabajos de Construcci\u00f3n","description":"Caguas Mechanical Contractor, como contratista de construcci\u00f3n integral e inclusivo, creamos soluciones sostenibles para nuestros clientes.","robots":{"index":"index","follow":"follow","max-snippet":"max-snippet:-1","max-image-preview":"max-image-preview:large","max-video-preview":"max-video-preview:-1"},"canonical":"https:\/\/caguasmechanicalpr.com\/en\/contacto\/","og_locale":"en_US","og_type":"article","og_title":"Caguas Mechanical Contractor, Inc. | Civil, Mec\u00e1nica, El\u00e9ctrica, Trabajos de Construcci\u00f3n","og_description":"Caguas Mechanical Contractor, como contratista de construcci\u00f3n integral e inclusivo, creamos soluciones sostenibles para nuestros clientes.","og_url":"https:\/\/caguasmechanicalpr.com\/en\/contacto\/","og_site_name":"Caguas Mechanical Contractor, Inc.","article_modified_time":"2024-07-19T19:23:58+00:00","og_image":[{"url":"https:\/\/blanchedalmond-spoonbill-317177.hostingersite.com\/caguasmechanical\/wp-content\/uploads\/2024\/04\/square-about.webp","type":"","width":"","height":""}],"twitter_card":"summary_large_image","twitter_misc":{"Est. reading time":"1 minute"},"schema":{"@context":"https:\/\/schema.org","@graph":[{"@type":"WebPage","@id":"https:\/\/caguasmechanicalpr.com\/contacto\/","url":"https:\/\/caguasmechanicalpr.com\/contacto\/","name":"Caguas Mechanical Contractor, Inc. | Civil, Mec\u00e1nica, El\u00e9ctrica, Trabajos de Construcci\u00f3n","isPartOf":{"@id":"https:\/\/caguasmechanicalpr.com\/en\/#website"},"primaryImageOfPage":{"@id":"https:\/\/caguasmechanicalpr.com\/contacto\/#primaryimage"},"image":{"@id":"https:\/\/caguasmechanicalpr.com\/contacto\/#primaryimage"},"thumbnailUrl":"https:\/\/blanchedalmond-spoonbill-317177.hostingersite.com\/caguasmechanical\/wp-content\/uploads\/2024\/04\/square-about.webp","datePublished":"2024-04-22T15:42:18+00:00","dateModified":"2024-07-19T19:23:58+00:00","description":"Caguas Mechanical Contractor, como contratista de construcci\u00f3n integral e inclusivo, creamos soluciones sostenibles para nuestros clientes.","breadcrumb":{"@id":"https:\/\/caguasmechanicalpr.com\/contacto\/#breadcrumb"},"inLanguage":"en-US","potentialAction":[{"@type":"ReadAction","target":["https:\/\/caguasmechanicalpr.com\/contacto\/"]}]},{"@type":"ImageObject","inLanguage":"en-US","@id":"https:\/\/caguasmechanicalpr.com\/contacto\/#primaryimage","url":"https:\/\/blanchedalmond-spoonbill-317177.hostingersite.com\/caguasmechanical\/wp-content\/uploads\/2024\/04\/square-about.webp","contentUrl":"https:\/\/blanchedalmond-spoonbill-317177.hostingersite.com\/caguasmechanical\/wp-content\/uploads\/2024\/04\/square-about.webp"},{"@type":"BreadcrumbList","@id":"https:\/\/caguasmechanicalpr.com\/contacto\/#breadcrumb","itemListElement":[{"@type":"ListItem","position":1,"name":"Home","item":"https:\/\/caguasmechanicalpr.com\/en\/"},{"@type":"ListItem","position":2,"name":"Contacto"}]},{"@type":"WebSite","@id":"https:\/\/caguasmechanicalpr.com\/en\/#website","url":"https:\/\/caguasmechanicalpr.com\/en\/","name":"Caguas Mechanical Contractor, Inc.","description":"Civil, Mec\u00e1nica, El\u00e9ctrica, Trabajos de Construcci\u00f3n","publisher":{"@id":"https:\/\/caguasmechanicalpr.com\/en\/#organization"},"alternateName":"Caguas Mechanical Contractor, Inc.","potentialAction":[{"@type":"SearchAction","target":{"@type":"EntryPoint","urlTemplate":"https:\/\/caguasmechanicalpr.com\/en\/?s={search_term_string}"},"query-input":{"@type":"PropertyValueSpecification","valueRequired":true,"valueName":"search_term_string"}}],"inLanguage":"en-US"},{"@type":"Organization","@id":"https:\/\/caguasmechanicalpr.com\/en\/#organization","name":"Caguas Mechanical Contractor, Inc.","url":"https:\/\/caguasmechanicalpr.com\/en\/","logo":{"@type":"ImageObject","inLanguage":"en-US","@id":"https:\/\/caguasmechanicalpr.com\/en\/#\/schema\/logo\/image\/","url":"https:\/\/caguasmechanicalpr.com\/wp-content\/uploads\/2024\/03\/caguas-mechanical-contractor-logo.png","contentUrl":"https:\/\/caguasmechanicalpr.com\/wp-content\/uploads\/2024\/03\/caguas-mechanical-contractor-logo.png","width":874,"height":244,"caption":"Caguas Mechanical Contractor, Inc."},"image":{"@id":"https:\/\/caguasmechanicalpr.com\/en\/#\/schema\/logo\/image\/"}}]}},"_hostinger_reach_plugin_has_subscription_block":false,"_hostinger_reach_plugin_is_elementor":false,"_links":{"self":[{"href":"https:\/\/caguasmechanicalpr.com\/en\/wp-json\/wp\/v2\/pages\/88","targetHints":{"allow":["GET"]}}],"collection":[{"href":"https:\/\/caguasmechanicalpr.com\/en\/wp-json\/wp\/v2\/pages"}],"about":[{"href":"https:\/\/caguasmechanicalpr.com\/en\/wp-json\/wp\/v2\/types\/page"}],"author":[{"embeddable":true,"href":"https:\/\/caguasmechanicalpr.com\/en\/wp-json\/wp\/v2\/users\/1"}],"replies":[{"embeddable":true,"href":"https:\/\/caguasmechanicalpr.com\/en\/wp-json\/wp\/v2\/comments?post=88"}],"version-history":[{"count":3,"href":"https:\/\/caguasmechanicalpr.com\/en\/wp-json\/wp\/v2\/pages\/88\/revisions"}],"predecessor-version":[{"id":1025,"href":"https:\/\/caguasmechanicalpr.com\/en\/wp-json\/wp\/v2\/pages\/88\/revisions\/1025"}],"wp:attachment":[{"href":"https:\/\/caguasmechanicalpr.com\/en\/wp-json\/wp\/v2\/media?parent=88"}],"curies":[{"name":"wp","href":"https:\/\/api.w.org\/{rel}","templated":true}]}}