{"id":86,"date":"2024-04-22T15:41:58","date_gmt":"2024-04-22T15:41:58","guid":{"rendered":"https:\/\/blanchedalmond-spoonbill-317177.hostingersite.com\/caguasmechanical\/?page_id=86"},"modified":"2024-07-23T19:07:19","modified_gmt":"2024-07-23T19:07:19","slug":"nuestra-carrera","status":"publish","type":"page","link":"https:\/\/caguasmechanicalpr.com\/en\/nuestra-carrera\/","title":{"rendered":"Our Career"},"content":{"rendered":"<div data-elementor-type=\"wp-page\" data-elementor-id=\"86\" class=\"elementor elementor-86\" data-elementor-settings=\"{&quot;ha_cmc_init_switcher&quot;:&quot;no&quot;}\">\n\t\t\t\t<div class=\"elementor-element elementor-element-c2860f0 e-flex e-con-boxed e-con e-parent\" data-id=\"c2860f0\" data-element_type=\"container\" data-settings=\"{&quot;background_background&quot;:&quot;classic&quot;,&quot;jet_parallax_layout_list&quot;:[],&quot;_ha_eqh_enable&quot;:false}\">\n\t\t\t\t\t<div class=\"e-con-inner\">\n\t\t\t\t<div class=\"elementor-element elementor-element-8bc0a9e elementor-widget elementor-widget-heading\" data-id=\"8bc0a9e\" data-element_type=\"widget\" data-widget_type=\"heading.default\">\n\t\t\t\t<div class=\"elementor-widget-container\">\n\t\t\t\t\t<h2 class=\"elementor-heading-title elementor-size-default\">Professional Career<\/h2>\t\t\t\t<\/div>\n\t\t\t\t<\/div>\n\t\t\t\t\t<\/div>\n\t\t\t\t<\/div>\n\t\t<div class=\"elementor-element elementor-element-b2abf69 e-flex e-con-boxed e-con e-parent\" data-id=\"b2abf69\" data-element_type=\"container\" data-settings=\"{&quot;jet_parallax_layout_list&quot;:[],&quot;_ha_eqh_enable&quot;:false}\">\n\t\t\t\t\t<div class=\"e-con-inner\">\n\t\t\t\t<div class=\"elementor-element elementor-element-dbc618a elementor-widget elementor-widget-image\" data-id=\"dbc618a\" data-element_type=\"widget\" data-widget_type=\"image.default\">\n\t\t\t\t<div class=\"elementor-widget-container\">\n\t\t\t\t\t\t\t\t\t\t\t\t\t\t\t<img fetchpriority=\"high\" decoding=\"async\" width=\"354\" height=\"330\" src=\"https:\/\/caguasmechanicalpr.com\/wp-content\/uploads\/2024\/04\/square-about.webp\" class=\"attachment-full size-full wp-image-178\" alt=\"square-about\" srcset=\"https:\/\/caguasmechanicalpr.com\/wp-content\/uploads\/2024\/04\/square-about.webp 354w, https:\/\/caguasmechanicalpr.com\/wp-content\/uploads\/2024\/04\/square-about-300x280.webp 300w\" sizes=\"(max-width: 354px) 100vw, 354px\" \/>\t\t\t\t\t\t\t\t\t\t\t\t\t\t\t<\/div>\n\t\t\t\t<\/div>\n\t\t\t\t<div class=\"elementor-element elementor-element-e0741b1 elementor-widget elementor-widget-heading\" data-id=\"e0741b1\" data-element_type=\"widget\" data-widget_type=\"heading.default\">\n\t\t\t\t<div class=\"elementor-widget-container\">\n\t\t\t\t\t<h2 class=\"elementor-heading-title elementor-size-default\">Professional Career<\/h2>\t\t\t\t<\/div>\n\t\t\t\t<\/div>\n\t\t\t\t<div class=\"elementor-element elementor-element-0358210 elementor-widget-divider--view-line elementor-widget elementor-widget-divider\" data-id=\"0358210\" data-element_type=\"widget\" data-widget_type=\"divider.default\">\n\t\t\t\t<div class=\"elementor-widget-container\">\n\t\t\t\t\t\t\t<div class=\"elementor-divider\">\n\t\t\t<span class=\"elementor-divider-separator\">\n\t\t\t\t\t\t<\/span>\n\t\t<\/div>\n\t\t\t\t\t\t<\/div>\n\t\t\t\t<\/div>\n\t\t\t\t<div class=\"elementor-element elementor-element-acea799 elementor-widget__width-initial elementor-widget elementor-widget-text-editor\" data-id=\"acea799\" data-element_type=\"widget\" data-widget_type=\"text-editor.default\">\n\t\t\t\t<div class=\"elementor-widget-container\">\n\t\t\t\t\t\t\t\t\t<p>El \u00e9xito que hemos alcanzado en los \u00faltimos 46 a\u00f1os es un reflejo directo del talento y la ambici\u00f3n de los miembros de nuestro equipo. Nuestro recurso m\u00e1s valioso es nuestra gente, que se identifica con las tradiciones, los valores y la s\u00f3lida reputaci\u00f3n de desempe\u00f1o de <b>Caguas Mechanical Contractors Inc.<\/b> Siempre estamos en busca de nuevos miembros para nuestro equipo que puedan contribuir al objetivo de la empresa de superar las expectativas de nuestros clientes. Por favor, cont\u00e1ctenos si tiene preguntas sobre c\u00f3mo unirse a nuestro equipo. <b>Caguas Mechanical Contractor Inc.<\/b> es un empleador que ofrece igualdad de oportunidades.<\/p>\t\t\t\t\t\t\t\t<\/div>\n\t\t\t\t<\/div>\n\t\t\t\t\t<\/div>\n\t\t\t\t<\/div>\n\t\t<div class=\"elementor-element elementor-element-de51438 e-flex e-con-boxed e-con e-parent\" data-id=\"de51438\" data-element_type=\"container\" data-settings=\"{&quot;jet_parallax_layout_list&quot;:[],&quot;_ha_eqh_enable&quot;:false}\">\n\t\t\t\t\t<div class=\"e-con-inner\">\n\t\t\t\t<div class=\"elementor-element elementor-element-e8a12bd elementor-widget elementor-widget-heading\" data-id=\"e8a12bd\" data-element_type=\"widget\" data-widget_type=\"heading.default\">\n\t\t\t\t<div class=\"elementor-widget-container\">\n\t\t\t\t\t<h2 class=\"elementor-heading-title elementor-size-default\">\u00danete a Nosotros<\/h2>\t\t\t\t<\/div>\n\t\t\t\t<\/div>\n\t\t\t\t<div class=\"elementor-element elementor-element-91f8ed8 elementor-widget-divider--view-line elementor-widget elementor-widget-divider\" data-id=\"91f8ed8\" data-element_type=\"widget\" data-widget_type=\"divider.default\">\n\t\t\t\t<div class=\"elementor-widget-container\">\n\t\t\t\t\t\t\t<div class=\"elementor-divider\">\n\t\t\t<span class=\"elementor-divider-separator\">\n\t\t\t\t\t\t<\/span>\n\t\t<\/div>\n\t\t\t\t\t\t<\/div>\n\t\t\t\t<\/div>\n\t\t<div class=\"elementor-element elementor-element-376202d e-flex e-con-boxed e-con e-child\" data-id=\"376202d\" data-element_type=\"container\" data-settings=\"{&quot;jet_parallax_layout_list&quot;:[],&quot;_ha_eqh_enable&quot;:false}\">\n\t\t\t\t\t<div class=\"e-con-inner\">\n\t\t<div class=\"elementor-element elementor-element-7068ed2 e-flex e-con-boxed e-con e-child\" data-id=\"7068ed2\" data-element_type=\"container\" data-settings=\"{&quot;jet_parallax_layout_list&quot;:[],&quot;_ha_eqh_enable&quot;:false}\">\n\t\t\t\t\t<div class=\"e-con-inner\">\n\t\t\t\t<div class=\"elementor-element elementor-element-8d9d48f elementor-widget elementor-widget-image\" data-id=\"8d9d48f\" data-element_type=\"widget\" data-widget_type=\"image.default\">\n\t\t\t\t<div class=\"elementor-widget-container\">\n\t\t\t\t\t\t\t\t\t\t\t\t\t\t\t<img decoding=\"async\" width=\"1500\" height=\"721\" src=\"https:\/\/caguasmechanicalpr.com\/wp-content\/uploads\/2024\/05\/carrera.webp\" class=\"attachment-full size-full wp-image-873\" alt=\"Carrera\" srcset=\"https:\/\/caguasmechanicalpr.com\/wp-content\/uploads\/2024\/05\/carrera.webp 1500w, https:\/\/caguasmechanicalpr.com\/wp-content\/uploads\/2024\/05\/carrera-300x144.webp 300w, https:\/\/caguasmechanicalpr.com\/wp-content\/uploads\/2024\/05\/carrera-1024x492.webp 1024w, https:\/\/caguasmechanicalpr.com\/wp-content\/uploads\/2024\/05\/carrera-768x369.webp 768w, https:\/\/caguasmechanicalpr.com\/wp-content\/uploads\/2024\/05\/carrera-18x9.webp 18w\" sizes=\"(max-width: 1500px) 100vw, 1500px\" \/>\t\t\t\t\t\t\t\t\t\t\t\t\t\t\t<\/div>\n\t\t\t\t<\/div>\n\t\t\t\t<div class=\"elementor-element elementor-element-e822ba7 elementor-widget elementor-widget-html\" data-id=\"e822ba7\" data-element_type=\"widget\" data-widget_type=\"html.default\">\n\t\t\t\t<div class=\"elementor-widget-container\">\n\t\t\t\t\t<style>\n    .wpforms-submit{\n        height: auto !important;\n    }\n    .choicesjs-select{\n    background-color: #F7F7F7 !important;\n    border-color: #F7F7F7 !important;\n    height: 55px !important;\n    }\n<\/style>\t\t\t\t<\/div>\n\t\t\t\t<\/div>\n\t\t\t\t\t<\/div>\n\t\t\t\t<\/div>\n\t\t<div class=\"elementor-element elementor-element-3d532c2 e-flex e-con-boxed e-con e-child\" data-id=\"3d532c2\" data-element_type=\"container\" data-settings=\"{&quot;jet_parallax_layout_list&quot;:[],&quot;_ha_eqh_enable&quot;:false}\">\n\t\t\t\t\t<div class=\"e-con-inner\">\n\t\t\t\t<div class=\"elementor-element elementor-element-b4f6ae5 elementor-widget elementor-widget-heading\" data-id=\"b4f6ae5\" data-element_type=\"widget\" data-widget_type=\"heading.default\">\n\t\t\t\t<div class=\"elementor-widget-container\">\n\t\t\t\t\t<h3 class=\"elementor-heading-title elementor-size-default\">Contact Us<\/h3>\t\t\t\t<\/div>\n\t\t\t\t<\/div>\n\t\t\t\t<div class=\"elementor-element elementor-element-baaf169 elementor-widget-divider--view-line elementor-widget elementor-widget-divider\" data-id=\"baaf169\" data-element_type=\"widget\" data-widget_type=\"divider.default\">\n\t\t\t\t<div class=\"elementor-widget-container\">\n\t\t\t\t\t\t\t<div class=\"elementor-divider\">\n\t\t\t<span class=\"elementor-divider-separator\">\n\t\t\t\t\t\t<\/span>\n\t\t<\/div>\n\t\t\t\t\t\t<\/div>\n\t\t\t\t<\/div>\n\t\t\t\t<div class=\"elementor-element elementor-element-8a744ca ha-form-btn--left elementor-widget elementor-widget-ha-wpform happy-addon ha-wpform\" data-id=\"8a744ca\" data-element_type=\"widget\" data-widget_type=\"ha-wpform.default\">\n\t\t\t\t<div class=\"elementor-widget-container\">\n\t\t\t\t\t<style id=\"wpforms-css-vars-624\">\n\t\t\t\t#wpforms-624 {\n\t\t\t\t\n\t\t\t}\n\t\t\t<\/style><div class=\"wpforms-container wpforms-container-full wpforms-render-modern\" id=\"wpforms-624\"><form id=\"wpforms-form-624\" class=\"wpforms-validate wpforms-form wpforms-ajax-form\" data-formid=\"624\" method=\"post\" enctype=\"multipart\/form-data\" action=\"\/en\/wp-json\/wp\/v2\/pages\/86\" data-token=\"1c975249d422db1d9c40fc6812710982\" data-token-time=\"1775932984\" data-trp-original-action=\"\/en\/wp-json\/wp\/v2\/pages\/86\"><noscript class=\"wpforms-error-noscript\">Please enable JavaScript in your browser to complete this form.<\/noscript><div id=\"wpforms-error-noscript\" style=\"display: none;\">Please enable JavaScript in your browser to complete this form.<\/div><div class=\"wpforms-field-container\"><div id=\"wpforms-624-field_1-container\" class=\"wpforms-field wpforms-field-layout\" data-field-id=\"1\"><div class=\"wpforms-field-layout-columns wpforms-field-layout-preset-50-50\"><div class=\"wpforms-layout-column wpforms-layout-column-50\" ><div id=\"wpforms-624-field_2-container\" class=\"wpforms-field wpforms-field-name\" data-field-id=\"2\"><label class=\"wpforms-field-label wpforms-label-hide\" for=\"wpforms-624-field_2\" aria-hidden=\"false\">Name <span class=\"wpforms-required-label\" aria-hidden=\"true\">*<\/span><\/label><input type=\"text\" id=\"wpforms-624-field_2\" class=\"wpforms-field-medium wpforms-field-required\" name=\"wpforms[fields][2]\" placeholder=\"Name\" aria-errormessage=\"wpforms-624-field_2-error\" required><\/div><div id=\"wpforms-624-field_3-container\" class=\"wpforms-field wpforms-field-email\" data-field-id=\"3\"><label class=\"wpforms-field-label wpforms-label-hide\" for=\"wpforms-624-field_3\" aria-hidden=\"false\">Email <span class=\"wpforms-required-label\" aria-hidden=\"true\">*<\/span><\/label><input type=\"email\" id=\"wpforms-624-field_3\" class=\"wpforms-field-medium wpforms-field-required\" name=\"wpforms[fields][3]\" placeholder=\"Email\" spellcheck=\"false\" aria-errormessage=\"wpforms-624-field_3-error\" required><\/div><div id=\"wpforms-624-field_5-container\" class=\"wpforms-field wpforms-field-select wpforms-field-select-style-modern\" data-field-id=\"5\"><label class=\"wpforms-field-label wpforms-label-hide\" for=\"wpforms-624-field_5\" aria-hidden=\"false\">Plaza<\/label><select id=\"wpforms-624-field_5\" class=\"wpforms-field-medium choicesjs-select\" data-size-class=\"wpforms-field-row wpforms-field-medium\" data-search-enabled=\"1\" name=\"wpforms[fields][5]\"><option value=\"\" class=\"placeholder\" disabled selected='selected'>Plaza<\/option><option value=\"Project Manager\"  class=\"choice-1 depth-1\"  >Project Manager<\/option><option value=\"Project Engineer\"  class=\"choice-2 depth-1\"  >Project Engineer<\/option><option value=\"Superintendent\"  class=\"choice-3 depth-1\"  >Superintendent<\/option><option value=\"Foreman\"  class=\"choice-5 depth-1\"  >Foreman<\/option><option value=\"Safety Officer\"  class=\"choice-4 depth-1\"  >Safety Officer<\/option><option value=\"Administrative Assistant\"  class=\"choice-6 depth-1\"  >Administrative Assistant<\/option><option value=\"Accounts Payable\"  class=\"choice-7 depth-1\"  >Accounts Payable<\/option><option value=\"Payroll\"  class=\"choice-8 depth-1\"  >Payroll<\/option><option value=\"Accounts Receivable\"  class=\"choice-9 depth-1\"  >Accounts Receivable<\/option><option value=\"Purchasing\"  class=\"choice-10 depth-1\"  >Purchasing<\/option><\/select><\/div><\/div><div class=\"wpforms-layout-column wpforms-layout-column-50\" ><div id=\"wpforms-624-field_4-container\" class=\"wpforms-field wpforms-field-textarea\" data-field-id=\"4\"><label class=\"wpforms-field-label wpforms-label-hide\" for=\"wpforms-624-field_4\" aria-hidden=\"false\">Message<\/label><textarea id=\"wpforms-624-field_4\" class=\"wpforms-field-medium\" name=\"wpforms[fields][4]\" placeholder=\"Message\" aria-errormessage=\"wpforms-624-field_4-error\" ><\/textarea><\/div><\/div><\/div><\/div><\/div><!-- .wpforms-field-container --><div class=\"wpforms-recaptcha-container wpforms-is-recaptcha wpforms-is-recaptcha-type-v3\" ><input type=\"hidden\" name=\"wpforms[recaptcha]\" value=\"\"><\/div><div class=\"wpforms-submit-container\" ><input type=\"hidden\" name=\"wpforms[id]\" value=\"624\"><input type=\"hidden\" name=\"page_title\" value=\"\"><input type=\"hidden\" name=\"page_url\" value=\"https:\/\/caguasmechanicalpr.com\/en\/wp-json\/wp\/v2\/pages\/86\"><input type=\"hidden\" name=\"url_referer\" value=\"\"><button type=\"submit\" name=\"wpforms[submit]\" id=\"wpforms-submit-624\" class=\"wpforms-submit\" data-alt-text=\"Enviando...\" data-submit-text=\"Enviar\" aria-live=\"assertive\" value=\"wpforms-submit\">Send<\/button><img decoding=\"async\" src=\"https:\/\/caguasmechanicalpr.com\/wp-content\/plugins\/wpforms\/assets\/images\/submit-spin.svg\" class=\"wpforms-submit-spinner\" style=\"display: none;\" width=\"26\" height=\"26\" alt=\"Loading\"><\/div><input type=\"hidden\" name=\"trp-form-language\" value=\"en\"\/><\/form><\/div>  <!-- .wpforms-container -->\t\t\t\t<\/div>\n\t\t\t\t<\/div>\n\t\t\t\t\t<\/div>\n\t\t\t\t<\/div>\n\t\t\t\t\t<\/div>\n\t\t\t\t<\/div>\n\t\t\t\t<div class=\"elementor-element elementor-element-30331ee elementor-widget elementor-widget-image\" data-id=\"30331ee\" data-element_type=\"widget\" data-widget_type=\"image.default\">\n\t\t\t\t<div class=\"elementor-widget-container\">\n\t\t\t\t\t\t\t\t\t\t\t\t\t\t\t<img loading=\"lazy\" decoding=\"async\" width=\"473\" height=\"471\" src=\"https:\/\/caguasmechanicalpr.com\/wp-content\/uploads\/2024\/04\/square-blue-orange-black.webp\" class=\"attachment-full size-full wp-image-433\" alt=\"square-blue-orange-black\" srcset=\"https:\/\/caguasmechanicalpr.com\/wp-content\/uploads\/2024\/04\/square-blue-orange-black.webp 473w, https:\/\/caguasmechanicalpr.com\/wp-content\/uploads\/2024\/04\/square-blue-orange-black-300x300.webp 300w, https:\/\/caguasmechanicalpr.com\/wp-content\/uploads\/2024\/04\/square-blue-orange-black-150x150.webp 150w\" sizes=\"(max-width: 473px) 100vw, 473px\" \/>\t\t\t\t\t\t\t\t\t\t\t\t\t\t\t<\/div>\n\t\t\t\t<\/div>\n\t\t\t\t\t<\/div>\n\t\t\t\t<\/div>\n\t\t\t\t<\/div>","protected":false},"excerpt":{"rendered":"<p>Carrera Profesional Carrera Profesional El \u00e9xito que hemos alcanzado en los \u00faltimos 46 a\u00f1os es un reflejo directo del talento y la ambici\u00f3n de los miembros de nuestro equipo. Nuestro recurso m\u00e1s valioso es nuestra gente, que se identifica con las tradiciones, los valores y la s\u00f3lida reputaci\u00f3n de desempe\u00f1o de Caguas Mechanical Contractors Inc. [&hellip;]<\/p>","protected":false},"author":1,"featured_media":0,"parent":0,"menu_order":0,"comment_status":"closed","ping_status":"closed","template":"elementor_header_footer","meta":{"_joinchat":[],"footnotes":""},"class_list":["post-86","page","type-page","status-publish","hentry"],"yoast_head":"<!-- This site is optimized with the Yoast SEO plugin v26.4 - https:\/\/yoast.com\/wordpress\/plugins\/seo\/ -->\n<title>Caguas Mechanical Contractor, Inc. | Civil, Mec\u00e1nica, El\u00e9ctrica, Trabajos de Construcci\u00f3n<\/title>\n<meta name=\"description\" content=\"Caguas Mechanical Contractor, como contratista de construcci\u00f3n integral e inclusivo, creamos soluciones sostenibles para nuestros clientes.\" \/>\n<meta name=\"robots\" content=\"index, follow, max-snippet:-1, max-image-preview:large, max-video-preview:-1\" \/>\n<link rel=\"canonical\" href=\"https:\/\/caguasmechanicalpr.com\/en\/nuestra-carrera\/\" \/>\n<meta property=\"og:locale\" content=\"en_US\" \/>\n<meta property=\"og:type\" content=\"article\" \/>\n<meta property=\"og:title\" content=\"Caguas Mechanical Contractor, Inc. | Civil, Mec\u00e1nica, El\u00e9ctrica, Trabajos de Construcci\u00f3n\" \/>\n<meta property=\"og:description\" content=\"Caguas Mechanical Contractor, como contratista de construcci\u00f3n integral e inclusivo, creamos soluciones sostenibles para nuestros clientes.\" \/>\n<meta property=\"og:url\" content=\"https:\/\/caguasmechanicalpr.com\/en\/nuestra-carrera\/\" \/>\n<meta property=\"og:site_name\" content=\"Caguas Mechanical Contractor, Inc.\" \/>\n<meta property=\"article:modified_time\" content=\"2024-07-23T19:07:19+00:00\" \/>\n<meta property=\"og:image\" content=\"https:\/\/blanchedalmond-spoonbill-317177.hostingersite.com\/wp-content\/uploads\/2024\/04\/square-about.webp\" \/>\n<meta name=\"twitter:card\" content=\"summary_large_image\" \/>\n<meta name=\"twitter:label1\" content=\"Est. reading time\" \/>\n\t<meta name=\"twitter:data1\" content=\"2 minutes\" \/>\n<script type=\"application\/ld+json\" class=\"yoast-schema-graph\">{\"@context\":\"https:\/\/schema.org\",\"@graph\":[{\"@type\":\"WebPage\",\"@id\":\"https:\/\/caguasmechanicalpr.com\/nuestra-carrera\/\",\"url\":\"https:\/\/caguasmechanicalpr.com\/nuestra-carrera\/\",\"name\":\"Caguas Mechanical Contractor, Inc. | Civil, Mec\u00e1nica, El\u00e9ctrica, Trabajos de Construcci\u00f3n\",\"isPartOf\":{\"@id\":\"https:\/\/caguasmechanicalpr.com\/en\/#website\"},\"primaryImageOfPage\":{\"@id\":\"https:\/\/caguasmechanicalpr.com\/nuestra-carrera\/#primaryimage\"},\"image\":{\"@id\":\"https:\/\/caguasmechanicalpr.com\/nuestra-carrera\/#primaryimage\"},\"thumbnailUrl\":\"https:\/\/blanchedalmond-spoonbill-317177.hostingersite.com\/wp-content\/uploads\/2024\/04\/square-about.webp\",\"datePublished\":\"2024-04-22T15:41:58+00:00\",\"dateModified\":\"2024-07-23T19:07:19+00:00\",\"description\":\"Caguas Mechanical Contractor, como contratista de construcci\u00f3n integral e inclusivo, creamos soluciones sostenibles para nuestros clientes.\",\"breadcrumb\":{\"@id\":\"https:\/\/caguasmechanicalpr.com\/nuestra-carrera\/#breadcrumb\"},\"inLanguage\":\"en-US\",\"potentialAction\":[{\"@type\":\"ReadAction\",\"target\":[\"https:\/\/caguasmechanicalpr.com\/nuestra-carrera\/\"]}]},{\"@type\":\"ImageObject\",\"inLanguage\":\"en-US\",\"@id\":\"https:\/\/caguasmechanicalpr.com\/nuestra-carrera\/#primaryimage\",\"url\":\"https:\/\/blanchedalmond-spoonbill-317177.hostingersite.com\/wp-content\/uploads\/2024\/04\/square-about.webp\",\"contentUrl\":\"https:\/\/blanchedalmond-spoonbill-317177.hostingersite.com\/wp-content\/uploads\/2024\/04\/square-about.webp\"},{\"@type\":\"BreadcrumbList\",\"@id\":\"https:\/\/caguasmechanicalpr.com\/nuestra-carrera\/#breadcrumb\",\"itemListElement\":[{\"@type\":\"ListItem\",\"position\":1,\"name\":\"Home\",\"item\":\"https:\/\/caguasmechanicalpr.com\/en\/\"},{\"@type\":\"ListItem\",\"position\":2,\"name\":\"Nuestra Carrera\"}]},{\"@type\":\"WebSite\",\"@id\":\"https:\/\/caguasmechanicalpr.com\/en\/#website\",\"url\":\"https:\/\/caguasmechanicalpr.com\/en\/\",\"name\":\"Caguas Mechanical Contractor, Inc.\",\"description\":\"Civil, Mec\u00e1nica, El\u00e9ctrica, Trabajos de Construcci\u00f3n\",\"publisher\":{\"@id\":\"https:\/\/caguasmechanicalpr.com\/en\/#organization\"},\"alternateName\":\"Caguas Mechanical Contractor, Inc.\",\"potentialAction\":[{\"@type\":\"SearchAction\",\"target\":{\"@type\":\"EntryPoint\",\"urlTemplate\":\"https:\/\/caguasmechanicalpr.com\/en\/?s={search_term_string}\"},\"query-input\":{\"@type\":\"PropertyValueSpecification\",\"valueRequired\":true,\"valueName\":\"search_term_string\"}}],\"inLanguage\":\"en-US\"},{\"@type\":\"Organization\",\"@id\":\"https:\/\/caguasmechanicalpr.com\/en\/#organization\",\"name\":\"Caguas Mechanical Contractor, Inc.\",\"url\":\"https:\/\/caguasmechanicalpr.com\/en\/\",\"logo\":{\"@type\":\"ImageObject\",\"inLanguage\":\"en-US\",\"@id\":\"https:\/\/caguasmechanicalpr.com\/en\/#\/schema\/logo\/image\/\",\"url\":\"https:\/\/caguasmechanicalpr.com\/wp-content\/uploads\/2024\/03\/caguas-mechanical-contractor-logo.png\",\"contentUrl\":\"https:\/\/caguasmechanicalpr.com\/wp-content\/uploads\/2024\/03\/caguas-mechanical-contractor-logo.png\",\"width\":874,\"height\":244,\"caption\":\"Caguas Mechanical Contractor, Inc.\"},\"image\":{\"@id\":\"https:\/\/caguasmechanicalpr.com\/en\/#\/schema\/logo\/image\/\"}}]}<\/script>\n<!-- \/ Yoast SEO plugin. -->","yoast_head_json":{"title":"Caguas Mechanical Contractor, Inc. | Civil, Mec\u00e1nica, El\u00e9ctrica, Trabajos de Construcci\u00f3n","description":"Caguas Mechanical Contractor, como contratista de construcci\u00f3n integral e inclusivo, creamos soluciones sostenibles para nuestros clientes.","robots":{"index":"index","follow":"follow","max-snippet":"max-snippet:-1","max-image-preview":"max-image-preview:large","max-video-preview":"max-video-preview:-1"},"canonical":"https:\/\/caguasmechanicalpr.com\/en\/nuestra-carrera\/","og_locale":"en_US","og_type":"article","og_title":"Caguas Mechanical Contractor, Inc. | Civil, Mec\u00e1nica, El\u00e9ctrica, Trabajos de Construcci\u00f3n","og_description":"Caguas Mechanical Contractor, como contratista de construcci\u00f3n integral e inclusivo, creamos soluciones sostenibles para nuestros clientes.","og_url":"https:\/\/caguasmechanicalpr.com\/en\/nuestra-carrera\/","og_site_name":"Caguas Mechanical Contractor, Inc.","article_modified_time":"2024-07-23T19:07:19+00:00","og_image":[{"url":"https:\/\/blanchedalmond-spoonbill-317177.hostingersite.com\/wp-content\/uploads\/2024\/04\/square-about.webp","type":"","width":"","height":""}],"twitter_card":"summary_large_image","twitter_misc":{"Est. reading time":"2 minutes"},"schema":{"@context":"https:\/\/schema.org","@graph":[{"@type":"WebPage","@id":"https:\/\/caguasmechanicalpr.com\/nuestra-carrera\/","url":"https:\/\/caguasmechanicalpr.com\/nuestra-carrera\/","name":"Caguas Mechanical Contractor, Inc. | Civil, Mec\u00e1nica, El\u00e9ctrica, Trabajos de Construcci\u00f3n","isPartOf":{"@id":"https:\/\/caguasmechanicalpr.com\/en\/#website"},"primaryImageOfPage":{"@id":"https:\/\/caguasmechanicalpr.com\/nuestra-carrera\/#primaryimage"},"image":{"@id":"https:\/\/caguasmechanicalpr.com\/nuestra-carrera\/#primaryimage"},"thumbnailUrl":"https:\/\/blanchedalmond-spoonbill-317177.hostingersite.com\/wp-content\/uploads\/2024\/04\/square-about.webp","datePublished":"2024-04-22T15:41:58+00:00","dateModified":"2024-07-23T19:07:19+00:00","description":"Caguas Mechanical Contractor, como contratista de construcci\u00f3n integral e inclusivo, creamos soluciones sostenibles para nuestros clientes.","breadcrumb":{"@id":"https:\/\/caguasmechanicalpr.com\/nuestra-carrera\/#breadcrumb"},"inLanguage":"en-US","potentialAction":[{"@type":"ReadAction","target":["https:\/\/caguasmechanicalpr.com\/nuestra-carrera\/"]}]},{"@type":"ImageObject","inLanguage":"en-US","@id":"https:\/\/caguasmechanicalpr.com\/nuestra-carrera\/#primaryimage","url":"https:\/\/blanchedalmond-spoonbill-317177.hostingersite.com\/wp-content\/uploads\/2024\/04\/square-about.webp","contentUrl":"https:\/\/blanchedalmond-spoonbill-317177.hostingersite.com\/wp-content\/uploads\/2024\/04\/square-about.webp"},{"@type":"BreadcrumbList","@id":"https:\/\/caguasmechanicalpr.com\/nuestra-carrera\/#breadcrumb","itemListElement":[{"@type":"ListItem","position":1,"name":"Home","item":"https:\/\/caguasmechanicalpr.com\/en\/"},{"@type":"ListItem","position":2,"name":"Nuestra Carrera"}]},{"@type":"WebSite","@id":"https:\/\/caguasmechanicalpr.com\/en\/#website","url":"https:\/\/caguasmechanicalpr.com\/en\/","name":"Caguas Mechanical Contractor, Inc.","description":"Civil, Mec\u00e1nica, El\u00e9ctrica, Trabajos de Construcci\u00f3n","publisher":{"@id":"https:\/\/caguasmechanicalpr.com\/en\/#organization"},"alternateName":"Caguas Mechanical Contractor, Inc.","potentialAction":[{"@type":"SearchAction","target":{"@type":"EntryPoint","urlTemplate":"https:\/\/caguasmechanicalpr.com\/en\/?s={search_term_string}"},"query-input":{"@type":"PropertyValueSpecification","valueRequired":true,"valueName":"search_term_string"}}],"inLanguage":"en-US"},{"@type":"Organization","@id":"https:\/\/caguasmechanicalpr.com\/en\/#organization","name":"Caguas Mechanical Contractor, Inc.","url":"https:\/\/caguasmechanicalpr.com\/en\/","logo":{"@type":"ImageObject","inLanguage":"en-US","@id":"https:\/\/caguasmechanicalpr.com\/en\/#\/schema\/logo\/image\/","url":"https:\/\/caguasmechanicalpr.com\/wp-content\/uploads\/2024\/03\/caguas-mechanical-contractor-logo.png","contentUrl":"https:\/\/caguasmechanicalpr.com\/wp-content\/uploads\/2024\/03\/caguas-mechanical-contractor-logo.png","width":874,"height":244,"caption":"Caguas Mechanical Contractor, Inc."},"image":{"@id":"https:\/\/caguasmechanicalpr.com\/en\/#\/schema\/logo\/image\/"}}]}},"_hostinger_reach_plugin_has_subscription_block":false,"_hostinger_reach_plugin_is_elementor":false,"_links":{"self":[{"href":"https:\/\/caguasmechanicalpr.com\/en\/wp-json\/wp\/v2\/pages\/86","targetHints":{"allow":["GET"]}}],"collection":[{"href":"https:\/\/caguasmechanicalpr.com\/en\/wp-json\/wp\/v2\/pages"}],"about":[{"href":"https:\/\/caguasmechanicalpr.com\/en\/wp-json\/wp\/v2\/types\/page"}],"author":[{"embeddable":true,"href":"https:\/\/caguasmechanicalpr.com\/en\/wp-json\/wp\/v2\/users\/1"}],"replies":[{"embeddable":true,"href":"https:\/\/caguasmechanicalpr.com\/en\/wp-json\/wp\/v2\/comments?post=86"}],"version-history":[{"count":18,"href":"https:\/\/caguasmechanicalpr.com\/en\/wp-json\/wp\/v2\/pages\/86\/revisions"}],"predecessor-version":[{"id":1049,"href":"https:\/\/caguasmechanicalpr.com\/en\/wp-json\/wp\/v2\/pages\/86\/revisions\/1049"}],"wp:attachment":[{"href":"https:\/\/caguasmechanicalpr.com\/en\/wp-json\/wp\/v2\/media?parent=86"}],"curies":[{"name":"wp","href":"https:\/\/api.w.org\/{rel}","templated":true}]}}